{"id":2186,"date":"2017-05-25T09:15:02","date_gmt":"2017-05-25T07:15:02","guid":{"rendered":"https:\/\/freddo.it\/lavora-con-noi\/"},"modified":"2018-02-28T15:32:22","modified_gmt":"2018-02-28T15:32:22","slug":"lavora-con-noi","status":"publish","type":"page","link":"https:\/\/freddo.it\/en\/lavora-con-noi\/","title":{"rendered":"Lavora con noi"},"content":{"rendered":"<div class=\"intro\">\n<div class=\"titolo\">LAVORA CON NOI<\/div>\n<div class=\"sottotitolo\">Entra nel nostro team!<\/div>\n<div class=\"testo\">\n<p class=\"blu\"><b>Posizioni attualmente aperte:<br \/>\n Tecnici da formare come Frigoristi (per la Sede Centrale di Pianezze)<\/b><\/p>\n<p>&nbsp;<\/p>\n<p><strong>Requisiti:<\/strong> <\/p>\n<p> 1) et\u00e0 fra i 20\/30 anni;<br \/>\n 2) formazione tecnico-professionale meccanico\/elettronico\/termoidraulica;<br \/>\n 3) esperienza minima in Aziende dei settori sopraelencati;<br \/>\n 4) residenza\/domicilio in loco;<br \/>\n 5) disponibilit\u00e0 a trasferte quotidiane presso i Clienti, lavoro straordinario, festivo e notturno.<br \/>\n Agli stessi sar\u00e0 direttamente erogato un corso di formazione iniziale ad hoc, successivamente al quale sar\u00e0 valutata possibilit\u00e0 di inserimento.<br \/>\n La ricerca ha carattere di urgenza.<\/p>\n<p>&nbsp;<\/p>\n<p>&nbsp;<\/p>\n<p class=\"blu\"><b>Tecnici Frigoristi (per tutte le Sedi)<\/b><\/p>\n<p>&nbsp;<\/p>\n<p><strong>Requisiti:<\/strong> <\/p>\n<p> 1) esperienza pluriennale nella mansione;<br \/>\n 2) patente FGAS e ammoniaca; <br \/>\n 3) residenza\/domicilio in loco;<br \/>\n 4) disponibilit\u00e0 a trasferte quotidiane presso i Clienti (sporadiche all&#8217;Estero), a lavoro straordinario, festivo e notturno.<\/p>\n<p>&nbsp;<\/p>\n<p>Per tutte le posizioni, inviare solo CV in linea con i requisiti e con l&#8217;autorizzazione al trattamento dei dati personali (in ottemperanza al D. Lgs. 196\/03) a <a href=\"mailto:luca.pettina@freddo.it\" target=\"_blank\" rel=\"noopener noreferrer\">luca.pettina@freddo.it<\/a> o usando il form sottostante.<\/p>\n<\/div>\n<\/div>\n<div class=\"form\">\n<div class=\"wpcf7 no-js\" id=\"wpcf7-f548-o1\" lang=\"it-IT\" dir=\"ltr\" data-wpcf7-id=\"548\">\n<div class=\"screen-reader-response\"><p role=\"status\" aria-live=\"polite\" aria-atomic=\"true\"><\/p> <ul><\/ul><\/div>\n<form action=\"\/en\/wp-json\/wp\/v2\/pages\/2186#wpcf7-f548-o1\" method=\"post\" class=\"wpcf7-form init\" aria-label=\"Modulo di contatto\" enctype=\"multipart\/form-data\" novalidate=\"novalidate\" data-status=\"init\">\n<fieldset class=\"hidden-fields-container\"><input type=\"hidden\" name=\"_wpcf7\" value=\"548\" \/><input type=\"hidden\" name=\"_wpcf7_version\" value=\"6.1.4\" \/><input type=\"hidden\" name=\"_wpcf7_locale\" value=\"it_IT\" \/><input type=\"hidden\" name=\"_wpcf7_unit_tag\" value=\"wpcf7-f548-o1\" \/><input type=\"hidden\" name=\"_wpcf7_container_post\" value=\"0\" \/><input type=\"hidden\" name=\"_wpcf7_posted_data_hash\" value=\"\" \/>\n<\/fieldset>\n<div class=\"tabForm\">\n\t<div class=\"colonna sx\">\n\t\t<div class=\"riga obbligatori\">\n\t\t\t<p><span><strong>* Campi obbligatori<\/strong><\/span>\n\t\t\t<\/p>\n\t\t<\/div>\n\t\t<div class=\"riga\">\n\t\t\t<p><label>Nome *<\/label><span class=\"wpcf7-form-control-wrap\" data-name=\"nome\"><input size=\"40\" maxlength=\"400\" class=\"wpcf7-form-control wpcf7-text wpcf7-validates-as-required\" aria-required=\"true\" aria-invalid=\"false\" value=\"\" type=\"text\" name=\"nome\" \/><\/span>\n\t\t\t<\/p>\n\t\t<\/div>\n\t\t<div class=\"riga\">\n\t\t\t<p><label>Cognome *<\/label><span class=\"wpcf7-form-control-wrap\" data-name=\"cognome\"><input size=\"40\" maxlength=\"400\" class=\"wpcf7-form-control wpcf7-text wpcf7-validates-as-required\" aria-required=\"true\" aria-invalid=\"false\" value=\"\" type=\"text\" name=\"cognome\" \/><\/span>\n\t\t\t<\/p>\n\t\t<\/div>\n\t\t<div class=\"riga\">\n\t\t\t<p><label>Email *<\/label><span class=\"wpcf7-form-control-wrap\" data-name=\"email\"><input size=\"40\" maxlength=\"400\" class=\"wpcf7-form-control wpcf7-email wpcf7-validates-as-required wpcf7-text wpcf7-validates-as-email\" aria-required=\"true\" aria-invalid=\"false\" value=\"\" type=\"email\" name=\"email\" \/><\/span>\n\t\t\t<\/p>\n\t\t<\/div>\n\t\t<div class=\"riga\">\n\t\t\t<p><label>Citt\u00e0 *<\/label><span class=\"wpcf7-form-control-wrap\" data-name=\"citta\"><input size=\"40\" maxlength=\"400\" class=\"wpcf7-form-control wpcf7-text wpcf7-validates-as-required\" aria-required=\"true\" aria-invalid=\"false\" value=\"\" type=\"text\" name=\"citta\" \/><\/span>\n\t\t\t<\/p>\n\t\t<\/div>\n\t\t<div class=\"riga\">\n\t\t\t<p><label>Provincia *<\/label><span class=\"wpcf7-form-control-wrap\" data-name=\"provincia\"><input size=\"40\" maxlength=\"400\" class=\"wpcf7-form-control wpcf7-text wpcf7-validates-as-required\" aria-required=\"true\" aria-invalid=\"false\" value=\"\" type=\"text\" name=\"provincia\" \/><\/span>\n\t\t\t<\/p>\n\t\t<\/div>\n\t\t<div class=\"riga\">\n\t\t\t<p><label>Telefono *<\/label><span class=\"wpcf7-form-control-wrap\" data-name=\"phone\"><input size=\"40\" maxlength=\"400\" class=\"wpcf7-form-control wpcf7-text wpcf7-validates-as-required required\" aria-required=\"true\" aria-invalid=\"false\" value=\"\" type=\"text\" name=\"phone\" \/><\/span>\n\t\t\t<\/p>\n\t\t<\/div>\n\t\t<div class=\"privacy\">\n\t\t\t<p>Dichiaro di aver ricevuto e letto <a href=\"\/informativa-privacy\/\" target=\"_blank\">l'informativa<\/a> rilasciata dalla Freddo S.r.l. ai sensi degli articoli 13 e 14 del Regolamento UE 2016\/679 e rilascio il mio consenso al trattamento dei Dati Personali con la finalit\u00e0 di:\n\t\t\t<\/p>\n\t\t<\/div>\n\t<\/div>\n\t<div class=\"colonna dx\">\n\t\t<div class=\"riga richiesta\">\n\t\t\t<p><label>Messaggio<\/label><span class=\"wpcf7-form-control-wrap\" data-name=\"richiesta\"><textarea cols=\"40\" rows=\"10\" maxlength=\"2000\" class=\"wpcf7-form-control wpcf7-textarea\" aria-invalid=\"false\" name=\"richiesta\"><\/textarea><\/span>\n\t\t\t<\/p>\n\t\t<\/div>\n\t\t<div class=\"riga upload\">\n\t\t\t<p><label>Curriculum<\/label><span class=\"wpcf7-form-control-wrap\" data-name=\"file-17\"><input size=\"40\" class=\"wpcf7-form-control wpcf7-file\" accept=\".doc,.docx,.pdf,.jpg,.jpeg\" aria-invalid=\"false\" type=\"file\" name=\"file-17\" \/><\/span>\n\t\t\t<\/p>\n\t\t<\/div>\n\t\t<div class=\"riga\">\n\t\t\t<div class=\"captcha\">\n\t\t\t\t<div class=\"immagine\">\n\t\t\t\t\t<p><input type=\"hidden\" name=\"_wpcf7_captcha_challenge_captcha-1\" value=\"3198135203\" \/><img decoding=\"async\" class=\"wpcf7-form-control wpcf7-captchac wpcf7-captcha-captcha-1\" width=\"72\" height=\"24\" alt=\"captcha\" src=\"https:\/\/freddo.it\/wp-content\/uploads\/wpcf7_captcha\/3198135203.png\" \/>\n\t\t\t\t\t<\/p>\n\t\t\t\t<\/div>\n\t\t\t\t<div class=\"campo\">\n\t\t\t\t\t<p><label>Riporta il testo visualizzato qui a fianco:<\/label><span class=\"wpcf7-form-control-wrap\" data-name=\"captcha-1\"><input size=\"40\" class=\"wpcf7-form-control wpcf7-captchar\" autocomplete=\"off\" aria-invalid=\"false\" value=\"\" type=\"text\" name=\"captcha-1\" \/><\/span>\n\t\t\t\t\t<\/p>\n\t\t\t\t<\/div>\n\t\t\t<\/div>\n\t\t<\/div>\n\t\t<div class=\"riga finale\">\n\t\t\t<div class=\"privacy\">\n\t\t\t\t<p><span class=\"wpcf7-form-control-wrap\" data-name=\"acceptance-276\"><span class=\"wpcf7-form-control wpcf7-acceptance\"><span class=\"wpcf7-list-item\"><input type=\"checkbox\" name=\"acceptance-276\" value=\"1\" aria-invalid=\"false\" \/><\/span><\/span><\/span> Autorizzo al trattamento dei dati per l'esecuzione del servizio. (obbligatorio)\n\t\t\t\t<\/p>\n\t\t\t<\/div>\n\t\t\t<div class=\"invia\">\n\t\t\t\t<p><input class=\"wpcf7-form-control wpcf7-submit has-spinner\" type=\"submit\" value=\"Invia\" \/>\n\t\t\t\t<\/p>\n\t\t\t<\/div>\n\t\t<\/div>\n\t<\/div>\n<\/div><div class=\"wpcf7-response-output\" aria-hidden=\"true\"><\/div>\n<\/form>\n<\/div>\n<\/div>\n","protected":false},"excerpt":{"rendered":"<p>LAVORA CON NOI Entra nel nostro team! Posizioni attualmente aperte: Tecnici da formare come Frigoristi (per la Sede Centrale di Pianezze) &nbsp; Requisiti: 1) et\u00e0 fra i 20\/30 anni; 2) formazione tecnico-professionale meccanico\/elettronico\/termoidraulica; 3) esperienza minima in Aziende dei settori sopraelencati; 4) residenza\/domicilio in loco; 5) disponibilit\u00e0 a trasferte quotidiane presso i Clienti, lavoro straordinario, &hellip; <a href=\"https:\/\/freddo.it\/en\/lavora-con-noi\/\" class=\"more-link\">Continue reading <span class=\"screen-reader-text\">Lavora con noi<\/span> <span class=\"meta-nav\">&rarr;<\/span><\/a><\/p>\n","protected":false},"author":1,"featured_media":0,"parent":0,"menu_order":0,"comment_status":"closed","ping_status":"closed","template":"job.php","meta":{"_acf_changed":false,"footnotes":""},"class_list":["post-2186","page","type-page","status-publish","hentry"],"acf":[],"yoast_head":"<!-- This site is optimized with the Yoast SEO plugin v26.4 - https:\/\/yoast.com\/wordpress\/plugins\/seo\/ -->\n<title>Impianti refrigerazione industriale, FREDDO&amp;CO, frigoriferi industriali job<\/title>\n<meta name=\"robots\" content=\"index, follow, max-snippet:-1, max-image-preview:large, max-video-preview:-1\" \/>\n<link rel=\"canonical\" href=\"https:\/\/freddo.it\/lavora-con-noi\/\" \/>\n<meta property=\"og:locale\" content=\"en_US\" \/>\n<meta property=\"og:type\" content=\"article\" \/>\n<meta property=\"og:title\" content=\"Impianti refrigerazione industriale, FREDDO&amp;CO, frigoriferi industriali job\" \/>\n<meta property=\"og:description\" content=\"LAVORA CON NOI Entra nel nostro team! Posizioni attualmente aperte: Tecnici da formare come Frigoristi (per la Sede Centrale di Pianezze) &nbsp; Requisiti: 1) et\u00e0 fra i 20\/30 anni; 2) formazione tecnico-professionale meccanico\/elettronico\/termoidraulica; 3) esperienza minima in Aziende dei settori sopraelencati; 4) residenza\/domicilio in loco; 5) disponibilit\u00e0 a trasferte quotidiane presso i Clienti, lavoro straordinario, &hellip; Continue reading Lavora con noi &rarr;\" \/>\n<meta property=\"og:url\" content=\"https:\/\/freddo.it\/lavora-con-noi\/\" \/>\n<meta property=\"og:site_name\" content=\"Freddo &amp; Co.\" \/>\n<meta property=\"article:publisher\" content=\"https:\/\/www.facebook.com\/freddorefrigerazione\" \/>\n<meta property=\"article:modified_time\" content=\"2018-02-28T15:32:22+00:00\" \/>\n<meta name=\"twitter:card\" content=\"summary_large_image\" \/>\n<meta name=\"twitter:label1\" content=\"Est. reading time\" \/>\n\t<meta name=\"twitter:data1\" content=\"1 minute\" \/>\n<script type=\"application\/ld+json\" class=\"yoast-schema-graph\">{\"@context\":\"https:\/\/schema.org\",\"@graph\":[{\"@type\":\"WebPage\",\"@id\":\"https:\/\/freddo.it\/lavora-con-noi\/\",\"url\":\"https:\/\/freddo.it\/lavora-con-noi\/\",\"name\":\"Impianti refrigerazione industriale, FREDDO&CO, frigoriferi industriali job\",\"isPartOf\":{\"@id\":\"https:\/\/freddo.it\/#website\"},\"datePublished\":\"2017-05-25T07:15:02+00:00\",\"dateModified\":\"2018-02-28T15:32:22+00:00\",\"breadcrumb\":{\"@id\":\"https:\/\/freddo.it\/lavora-con-noi\/#breadcrumb\"},\"inLanguage\":\"en-US\",\"potentialAction\":[{\"@type\":\"ReadAction\",\"target\":[\"https:\/\/freddo.it\/lavora-con-noi\/\"]}]},{\"@type\":\"BreadcrumbList\",\"@id\":\"https:\/\/freddo.it\/lavora-con-noi\/#breadcrumb\",\"itemListElement\":[{\"@type\":\"ListItem\",\"position\":1,\"name\":\"Home\",\"item\":\"https:\/\/freddo.it\/\"},{\"@type\":\"ListItem\",\"position\":2,\"name\":\"Lavora con noi\"}]},{\"@type\":\"WebSite\",\"@id\":\"https:\/\/freddo.it\/#website\",\"url\":\"https:\/\/freddo.it\/\",\"name\":\"Freddo &amp; Co.\",\"description\":\"Impianti frigoriferi Newcold System progettazione noleggio\",\"potentialAction\":[{\"@type\":\"SearchAction\",\"target\":{\"@type\":\"EntryPoint\",\"urlTemplate\":\"https:\/\/freddo.it\/?s={search_term_string}\"},\"query-input\":{\"@type\":\"PropertyValueSpecification\",\"valueRequired\":true,\"valueName\":\"search_term_string\"}}],\"inLanguage\":\"en-US\"}]}<\/script>\n<!-- \/ Yoast SEO plugin. -->","yoast_head_json":{"title":"Impianti refrigerazione industriale, FREDDO&CO, frigoriferi industriali job","robots":{"index":"index","follow":"follow","max-snippet":"max-snippet:-1","max-image-preview":"max-image-preview:large","max-video-preview":"max-video-preview:-1"},"canonical":"https:\/\/freddo.it\/lavora-con-noi\/","og_locale":"en_US","og_type":"article","og_title":"Impianti refrigerazione industriale, FREDDO&CO, frigoriferi industriali job","og_description":"LAVORA CON NOI Entra nel nostro team! Posizioni attualmente aperte: Tecnici da formare come Frigoristi (per la Sede Centrale di Pianezze) &nbsp; Requisiti: 1) et\u00e0 fra i 20\/30 anni; 2) formazione tecnico-professionale meccanico\/elettronico\/termoidraulica; 3) esperienza minima in Aziende dei settori sopraelencati; 4) residenza\/domicilio in loco; 5) disponibilit\u00e0 a trasferte quotidiane presso i Clienti, lavoro straordinario, &hellip; Continue reading Lavora con noi &rarr;","og_url":"https:\/\/freddo.it\/lavora-con-noi\/","og_site_name":"Freddo &amp; Co.","article_publisher":"https:\/\/www.facebook.com\/freddorefrigerazione","article_modified_time":"2018-02-28T15:32:22+00:00","twitter_card":"summary_large_image","twitter_misc":{"Est. reading time":"1 minute"},"schema":{"@context":"https:\/\/schema.org","@graph":[{"@type":"WebPage","@id":"https:\/\/freddo.it\/lavora-con-noi\/","url":"https:\/\/freddo.it\/lavora-con-noi\/","name":"Impianti refrigerazione industriale, FREDDO&CO, frigoriferi industriali job","isPartOf":{"@id":"https:\/\/freddo.it\/#website"},"datePublished":"2017-05-25T07:15:02+00:00","dateModified":"2018-02-28T15:32:22+00:00","breadcrumb":{"@id":"https:\/\/freddo.it\/lavora-con-noi\/#breadcrumb"},"inLanguage":"en-US","potentialAction":[{"@type":"ReadAction","target":["https:\/\/freddo.it\/lavora-con-noi\/"]}]},{"@type":"BreadcrumbList","@id":"https:\/\/freddo.it\/lavora-con-noi\/#breadcrumb","itemListElement":[{"@type":"ListItem","position":1,"name":"Home","item":"https:\/\/freddo.it\/"},{"@type":"ListItem","position":2,"name":"Lavora con noi"}]},{"@type":"WebSite","@id":"https:\/\/freddo.it\/#website","url":"https:\/\/freddo.it\/","name":"Freddo &amp; Co.","description":"Impianti frigoriferi Newcold System progettazione noleggio","potentialAction":[{"@type":"SearchAction","target":{"@type":"EntryPoint","urlTemplate":"https:\/\/freddo.it\/?s={search_term_string}"},"query-input":{"@type":"PropertyValueSpecification","valueRequired":true,"valueName":"search_term_string"}}],"inLanguage":"en-US"}]}},"_links":{"self":[{"href":"https:\/\/freddo.it\/en\/wp-json\/wp\/v2\/pages\/2186","targetHints":{"allow":["GET"]}}],"collection":[{"href":"https:\/\/freddo.it\/en\/wp-json\/wp\/v2\/pages"}],"about":[{"href":"https:\/\/freddo.it\/en\/wp-json\/wp\/v2\/types\/page"}],"author":[{"embeddable":true,"href":"https:\/\/freddo.it\/en\/wp-json\/wp\/v2\/users\/1"}],"replies":[{"embeddable":true,"href":"https:\/\/freddo.it\/en\/wp-json\/wp\/v2\/comments?post=2186"}],"version-history":[{"count":2,"href":"https:\/\/freddo.it\/en\/wp-json\/wp\/v2\/pages\/2186\/revisions"}],"predecessor-version":[{"id":2503,"href":"https:\/\/freddo.it\/en\/wp-json\/wp\/v2\/pages\/2186\/revisions\/2503"}],"wp:attachment":[{"href":"https:\/\/freddo.it\/en\/wp-json\/wp\/v2\/media?parent=2186"}],"curies":[{"name":"wp","href":"https:\/\/api.w.org\/{rel}","templated":true}]}}